{"id":1229,"date":"2025-10-14T14:01:10","date_gmt":"2025-10-14T12:01:10","guid":{"rendered":"https:\/\/dev.lasud-surfcarcans.com\/legal-notice\/"},"modified":"2026-03-06T16:24:33","modified_gmt":"2026-03-06T15:24:33","slug":"legal-notice","status":"publish","type":"page","link":"https:\/\/www.lasud-surfcarcans.com\/en\/legal-notice\/","title":{"rendered":"Legal notice"},"content":{"rendered":"\t\t<div data-elementor-type=\"wp-page\" data-elementor-id=\"1229\" class=\"elementor elementor-1229 elementor-3\" data-elementor-post-type=\"page\">\n\t\t\t\t<div class=\"elementor-element elementor-element-4f39e016 e-flex e-con-boxed e-con e-parent\" data-id=\"4f39e016\" data-element_type=\"container\" data-e-type=\"container\">\n\t\t\t\t\t<div class=\"e-con-inner\">\n\t\t\t\t<div class=\"elementor-element elementor-element-2bcbed87 elementor-widget elementor-widget-text-editor\" data-id=\"2bcbed87\" data-element_type=\"widget\" data-e-type=\"widget\" data-widget_type=\"text-editor.default\">\n\t\t\t\t\t\t\t\t\t<div class=\"elementor-element elementor-element-fb5a73c e-con-full e-flex e-con e-child\" data-id=\"fb5a73c\" data-element_type=\"container\" data-e-type=\"container\">\n<div class=\"elementor-element elementor-element-39848c2 elementor-widget elementor-widget-text-editor\" data-id=\"39848c2\" data-element_type=\"widget\" data-e-type=\"widget\" data-widget_type=\"text-editor.default\">\n<p><strong>PROPRI\u00c9TAIRE<\/strong><\/p>\n<p>St\u00e9phane PERRON<br>33121 Carcans-Place<\/p>\n<p><strong>DESIGN, PRODUCTION, HOSTING<\/strong><\/p>\n<p>This website was created by Cybergraph, represented by Mr. Matthieu Compois,<br>whose registered office is located at Cybergraph \/ 268 route du Bouchet \/ 74400 CHAMONIX, France.<br>Telephone: +33 (0)4 50 53 48 10 \u2013 www.cybergraph.fr \u2013 SIRET: 49031144600028<br>Webmaster: Cybergraph \u2013 tech@cybergraph.fr<\/p>\n<p>Host :<br>Hetzner Online GmbH<br>Industriestr. 25<br>91710 Gunzenhausen<br>Germany<\/p>\n<\/div>\n<\/div>\t\t\t\t\t\t\t\t<\/div>\n\t\t\t\t\t<\/div>\n\t\t\t\t<\/div>\n\t\t\t\t<\/div>\n\t\t","protected":false},"excerpt":{"rendered":"<p>PROPRI\u00c9TAIRE St\u00e9phane PERRON33121 Carcans-Place DESIGN, PRODUCTION, HOSTING This website was created by Cybergraph, represented by Mr. Matthieu Compois,whose registered office is located at Cybergraph \/ 268 route du Bouchet \/ 74400 CHAMONIX, France.Telephone: +33 (0)4 50 53 48 10 \u2013 www.cybergraph.fr \u2013 SIRET: 49031144600028Webmaster: Cybergraph \u2013 tech@cybergraph.fr Host :Hetzner Online GmbHIndustriestr. 2591710 GunzenhausenGermany<\/p>\n","protected":false},"author":1,"featured_media":0,"parent":0,"menu_order":0,"comment_status":"closed","ping_status":"open","template":"","meta":{"_acf_changed":false,"footnotes":""},"class_list":["post-1229","page","type-page","status-publish","hentry"],"acf":[],"yoast_head":"<!-- This site is optimized with the Yoast SEO plugin v27.1.1 - https:\/\/yoast.com\/product\/yoast-seo-wordpress\/ -->\n<title>Legal notice - La sud - \u00e9cole de surf \u00e0 Cracans Plage<\/title>\n<meta name=\"robots\" content=\"index, follow, max-snippet:-1, max-image-preview:large, max-video-preview:-1\" \/>\n<link rel=\"canonical\" href=\"https:\/\/www.lasud-surfcarcans.com\/en\/legal-notice\/\" \/>\n<meta property=\"og:locale\" content=\"en_US\" \/>\n<meta property=\"og:type\" content=\"article\" \/>\n<meta property=\"og:title\" content=\"Legal notice - La sud - \u00e9cole de surf \u00e0 Cracans Plage\" \/>\n<meta property=\"og:description\" content=\"PROPRI\u00c9TAIRE St\u00e9phane PERRON33121 Carcans-Place DESIGN, PRODUCTION, HOSTING This website was created by Cybergraph, represented by Mr. Matthieu Compois,whose registered office is located at Cybergraph \/ 268 route du Bouchet \/ 74400 CHAMONIX, France.Telephone: +33 (0)4 50 53 48 10 \u2013 www.cybergraph.fr \u2013 SIRET: 49031144600028Webmaster: Cybergraph \u2013 tech@cybergraph.fr Host :Hetzner Online GmbHIndustriestr. 2591710 GunzenhausenGermany\" \/>\n<meta property=\"og:url\" content=\"https:\/\/www.lasud-surfcarcans.com\/en\/legal-notice\/\" \/>\n<meta property=\"og:site_name\" content=\"La sud - \u00e9cole de surf \u00e0 Cracans Plage\" \/>\n<meta property=\"article:publisher\" content=\"https:\/\/www.facebook.com\/carcansplage\/?locale=fr_FR\" \/>\n<meta property=\"article:modified_time\" content=\"2026-03-06T15:24:33+00:00\" \/>\n<meta name=\"twitter:card\" content=\"summary_large_image\" \/>\n<script type=\"application\/ld+json\" class=\"yoast-schema-graph\">{\"@context\":\"https:\/\/schema.org\",\"@graph\":[{\"@type\":\"WebPage\",\"@id\":\"https:\/\/www.lasud-surfcarcans.com\/en\/legal-notice\/\",\"url\":\"https:\/\/www.lasud-surfcarcans.com\/en\/legal-notice\/\",\"name\":\"Legal notice - La sud - \u00e9cole de surf \u00e0 Cracans Plage\",\"isPartOf\":{\"@id\":\"https:\/\/www.lasud-surfcarcans.com\/en\/#website\"},\"datePublished\":\"2025-10-14T12:01:10+00:00\",\"dateModified\":\"2026-03-06T15:24:33+00:00\",\"breadcrumb\":{\"@id\":\"https:\/\/www.lasud-surfcarcans.com\/en\/legal-notice\/#breadcrumb\"},\"inLanguage\":\"en-US\",\"potentialAction\":[{\"@type\":\"ReadAction\",\"target\":[\"https:\/\/www.lasud-surfcarcans.com\/en\/legal-notice\/\"]}]},{\"@type\":\"BreadcrumbList\",\"@id\":\"https:\/\/www.lasud-surfcarcans.com\/en\/legal-notice\/#breadcrumb\",\"itemListElement\":[{\"@type\":\"ListItem\",\"position\":1,\"name\":\"Accueil\",\"item\":\"https:\/\/www.lasud-surfcarcans.com\/en\/\"},{\"@type\":\"ListItem\",\"position\":2,\"name\":\"Legal notice\"}]},{\"@type\":\"WebSite\",\"@id\":\"https:\/\/www.lasud-surfcarcans.com\/en\/#website\",\"url\":\"https:\/\/www.lasud-surfcarcans.com\/en\/\",\"name\":\"La sud - \u00e9cole de surf \u00e0 Cracans Plage\",\"description\":\"\",\"publisher\":{\"@id\":\"https:\/\/www.lasud-surfcarcans.com\/en\/#organization\"},\"potentialAction\":[{\"@type\":\"SearchAction\",\"target\":{\"@type\":\"EntryPoint\",\"urlTemplate\":\"https:\/\/www.lasud-surfcarcans.com\/en\/?s={search_term_string}\"},\"query-input\":{\"@type\":\"PropertyValueSpecification\",\"valueRequired\":true,\"valueName\":\"search_term_string\"}}],\"inLanguage\":\"en-US\"},{\"@type\":\"Organization\",\"@id\":\"https:\/\/www.lasud-surfcarcans.com\/en\/#organization\",\"name\":\"La sud - \u00e9cole de surf \u00e0 Cracans Plage\",\"url\":\"https:\/\/www.lasud-surfcarcans.com\/en\/\",\"logo\":{\"@type\":\"ImageObject\",\"inLanguage\":\"en-US\",\"@id\":\"https:\/\/www.lasud-surfcarcans.com\/en\/#\/schema\/logo\/image\/\",\"url\":\"https:\/\/www.lasud-surfcarcans.com\/wp-content\/uploads\/2026\/02\/la-sud.svg\",\"contentUrl\":\"https:\/\/www.lasud-surfcarcans.com\/wp-content\/uploads\/2026\/02\/la-sud.svg\",\"width\":198,\"height\":198,\"caption\":\"La sud - \u00e9cole de surf \u00e0 Cracans Plage\"},\"image\":{\"@id\":\"https:\/\/www.lasud-surfcarcans.com\/en\/#\/schema\/logo\/image\/\"},\"sameAs\":[\"https:\/\/www.facebook.com\/carcansplage\/?locale=fr_FR\",\"https:\/\/www.instagram.com\/lasudsurfschool\/\"]}]}<\/script>\n<!-- \/ Yoast SEO plugin. -->","yoast_head_json":{"title":"Legal notice - La sud - \u00e9cole de surf \u00e0 Cracans Plage","robots":{"index":"index","follow":"follow","max-snippet":"max-snippet:-1","max-image-preview":"max-image-preview:large","max-video-preview":"max-video-preview:-1"},"canonical":"https:\/\/www.lasud-surfcarcans.com\/en\/legal-notice\/","og_locale":"en_US","og_type":"article","og_title":"Legal notice - La sud - \u00e9cole de surf \u00e0 Cracans Plage","og_description":"PROPRI\u00c9TAIRE St\u00e9phane PERRON33121 Carcans-Place DESIGN, PRODUCTION, HOSTING This website was created by Cybergraph, represented by Mr. Matthieu Compois,whose registered office is located at Cybergraph \/ 268 route du Bouchet \/ 74400 CHAMONIX, France.Telephone: +33 (0)4 50 53 48 10 \u2013 www.cybergraph.fr \u2013 SIRET: 49031144600028Webmaster: Cybergraph \u2013 tech@cybergraph.fr Host :Hetzner Online GmbHIndustriestr. 2591710 GunzenhausenGermany","og_url":"https:\/\/www.lasud-surfcarcans.com\/en\/legal-notice\/","og_site_name":"La sud - \u00e9cole de surf \u00e0 Cracans Plage","article_publisher":"https:\/\/www.facebook.com\/carcansplage\/?locale=fr_FR","article_modified_time":"2026-03-06T15:24:33+00:00","twitter_card":"summary_large_image","schema":{"@context":"https:\/\/schema.org","@graph":[{"@type":"WebPage","@id":"https:\/\/www.lasud-surfcarcans.com\/en\/legal-notice\/","url":"https:\/\/www.lasud-surfcarcans.com\/en\/legal-notice\/","name":"Legal notice - La sud - \u00e9cole de surf \u00e0 Cracans Plage","isPartOf":{"@id":"https:\/\/www.lasud-surfcarcans.com\/en\/#website"},"datePublished":"2025-10-14T12:01:10+00:00","dateModified":"2026-03-06T15:24:33+00:00","breadcrumb":{"@id":"https:\/\/www.lasud-surfcarcans.com\/en\/legal-notice\/#breadcrumb"},"inLanguage":"en-US","potentialAction":[{"@type":"ReadAction","target":["https:\/\/www.lasud-surfcarcans.com\/en\/legal-notice\/"]}]},{"@type":"BreadcrumbList","@id":"https:\/\/www.lasud-surfcarcans.com\/en\/legal-notice\/#breadcrumb","itemListElement":[{"@type":"ListItem","position":1,"name":"Accueil","item":"https:\/\/www.lasud-surfcarcans.com\/en\/"},{"@type":"ListItem","position":2,"name":"Legal notice"}]},{"@type":"WebSite","@id":"https:\/\/www.lasud-surfcarcans.com\/en\/#website","url":"https:\/\/www.lasud-surfcarcans.com\/en\/","name":"La sud - \u00e9cole de surf \u00e0 Cracans Plage","description":"","publisher":{"@id":"https:\/\/www.lasud-surfcarcans.com\/en\/#organization"},"potentialAction":[{"@type":"SearchAction","target":{"@type":"EntryPoint","urlTemplate":"https:\/\/www.lasud-surfcarcans.com\/en\/?s={search_term_string}"},"query-input":{"@type":"PropertyValueSpecification","valueRequired":true,"valueName":"search_term_string"}}],"inLanguage":"en-US"},{"@type":"Organization","@id":"https:\/\/www.lasud-surfcarcans.com\/en\/#organization","name":"La sud - \u00e9cole de surf \u00e0 Cracans Plage","url":"https:\/\/www.lasud-surfcarcans.com\/en\/","logo":{"@type":"ImageObject","inLanguage":"en-US","@id":"https:\/\/www.lasud-surfcarcans.com\/en\/#\/schema\/logo\/image\/","url":"https:\/\/www.lasud-surfcarcans.com\/wp-content\/uploads\/2026\/02\/la-sud.svg","contentUrl":"https:\/\/www.lasud-surfcarcans.com\/wp-content\/uploads\/2026\/02\/la-sud.svg","width":198,"height":198,"caption":"La sud - \u00e9cole de surf \u00e0 Cracans Plage"},"image":{"@id":"https:\/\/www.lasud-surfcarcans.com\/en\/#\/schema\/logo\/image\/"},"sameAs":["https:\/\/www.facebook.com\/carcansplage\/?locale=fr_FR","https:\/\/www.instagram.com\/lasudsurfschool\/"]}]}},"_links":{"self":[{"href":"https:\/\/www.lasud-surfcarcans.com\/en\/wp-json\/wp\/v2\/pages\/1229","targetHints":{"allow":["GET"]}}],"collection":[{"href":"https:\/\/www.lasud-surfcarcans.com\/en\/wp-json\/wp\/v2\/pages"}],"about":[{"href":"https:\/\/www.lasud-surfcarcans.com\/en\/wp-json\/wp\/v2\/types\/page"}],"author":[{"embeddable":true,"href":"https:\/\/www.lasud-surfcarcans.com\/en\/wp-json\/wp\/v2\/users\/1"}],"replies":[{"embeddable":true,"href":"https:\/\/www.lasud-surfcarcans.com\/en\/wp-json\/wp\/v2\/comments?post=1229"}],"version-history":[{"count":1,"href":"https:\/\/www.lasud-surfcarcans.com\/en\/wp-json\/wp\/v2\/pages\/1229\/revisions"}],"predecessor-version":[{"id":1230,"href":"https:\/\/www.lasud-surfcarcans.com\/en\/wp-json\/wp\/v2\/pages\/1229\/revisions\/1230"}],"wp:attachment":[{"href":"https:\/\/www.lasud-surfcarcans.com\/en\/wp-json\/wp\/v2\/media?parent=1229"}],"curies":[{"name":"wp","href":"https:\/\/api.w.org\/{rel}","templated":true}]}}